{"id":24046,"date":"2025-10-01T15:35:26","date_gmt":"2025-10-01T13:35:26","guid":{"rendered":"https:\/\/grafik-id.com\/index.php\/mentions-legales\/"},"modified":"2025-11-02T16:58:54","modified_gmt":"2025-11-02T15:58:54","slug":"mentions-legales","status":"publish","type":"page","link":"https:\/\/grafik-id.com\/fr\/index.php\/mentions-legales\/","title":{"rendered":"Mentions l\u00e9gales"},"content":{"rendered":"<div id='services'  class='avia-section av-otz45-ec09eceb5bd9a6a21ccff0bae046ab24 main_color avia-section-huge avia-no-border-styling  avia-builder-el-0  avia-builder-el-no-sibling  avia-bg-style-scroll container_wrap sidebar_right'  ><div class='container av-section-cont-open' ><main  role=\"main\" itemprop=\"mainContentOfPage\"  class='template-page content  av-content-small alpha units'><div class='post-entry post-entry-type-page post-entry-24046'><div class='entry-content-wrapper clearfix'>\n<div  class='flex_column av-nwyrl-9933ca5b9a4b7ec2b4c06f1fe7739779 av_one_fifth  avia-builder-el-1  el_before_av_three_fifth  avia-builder-el-first  first flex_column_div  '     ><\/div><div  class='flex_column av-nbi2x-f9fd5b6df0546e0f3c7977cc5fb13839 av_three_fifth  avia-builder-el-2  el_after_av_one_fifth  el_before_av_one_fifth  flex_column_div  '     ><p>\n<style type=\"text\/css\" data-created_by=\"avia_inline_auto\" id=\"style-css-av-n4qhh-6a21701348819fbbdfecbba56a6e78d4\">\n#top .av-special-heading.av-n4qhh-6a21701348819fbbdfecbba56a6e78d4{\npadding-bottom:10px;\nfont-size:30px;\n}\nbody .av-special-heading.av-n4qhh-6a21701348819fbbdfecbba56a6e78d4 .av-special-heading-tag .heading-char{\nfont-size:25px;\n}\n#top #wrap_all .av-special-heading.av-n4qhh-6a21701348819fbbdfecbba56a6e78d4 .av-special-heading-tag{\nfont-size:30px;\n}\n.av-special-heading.av-n4qhh-6a21701348819fbbdfecbba56a6e78d4 .av-subheading{\nfont-size:15px;\n}\n\n@media only screen and (min-width: 480px) and (max-width: 767px){ \n#top #wrap_all .av-special-heading.av-n4qhh-6a21701348819fbbdfecbba56a6e78d4 .av-special-heading-tag{\nfont-size:0.8em;\n}\n}\n\n@media only screen and (max-width: 479px){ \n#top #wrap_all .av-special-heading.av-n4qhh-6a21701348819fbbdfecbba56a6e78d4 .av-special-heading-tag{\nfont-size:0.8em;\n}\n}\n<\/style>\n<div  class='av-special-heading av-n4qhh-6a21701348819fbbdfecbba56a6e78d4 av-special-heading-h3 blockquote modern-quote modern-centered  avia-builder-el-3  el_before_av_textblock  avia-builder-el-first  av-inherit-size'><h3 class='av-special-heading-tag '  itemprop=\"headline\"  >Mentions l\u00e9gales<\/h3><div class=\"special-heading-border\"><div class=\"special-heading-inner-border\"><\/div><\/div><\/div><br \/>\n\n<style type=\"text\/css\" data-created_by=\"avia_inline_auto\" id=\"style-css-av-mdq8kqvu-df1feb9dae9771aef8f13173a7dc1712\">\n#top .av_textblock_section.av-mdq8kqvu-df1feb9dae9771aef8f13173a7dc1712 .avia_textblock{\nfont-size:15px;\n}\n<\/style>\n<section  class='av_textblock_section av-mdq8kqvu-df1feb9dae9771aef8f13173a7dc1712 '   itemscope=\"itemscope\" itemtype=\"https:\/\/schema.org\/CreativeWork\" ><div class='avia_textblock'  itemprop=\"text\" ><p><strong>\u00c9diteur du site<\/strong><\/p>\n<p>Le site est \u00e9dit\u00e9 par Grafik ID SARL<br \/>\nSi\u00e8ge social : 357 rue de Vaugirard 75015 Paris &#8211; France<br \/>\nRCS : 808 682 538 R.C.S. Paris<br \/>\nDirecteur de la publication : Mathieu Harlaut<\/p>\n<p><strong>Contact<\/strong><\/p>\n<p>Pour toute demande, veuillez utiliser le formulaire de contact disponible sur le site.<\/p>\n<p><strong>H\u00e9bergement<\/strong><\/p>\n<p>Le site est h\u00e9berg\u00e9 par OVH SAS<br \/>\n2 rue Kellermann 59100 Roubaix &#8211; France<br \/>\nPhone : 1007<\/p>\n<p><strong>Propri\u00e9t\u00e9 intellectuelle<\/strong><\/p>\n<p>L\u2019ensemble des \u00e9l\u00e9ments pr\u00e9sents sur ce site (textes, images, graphismes, logo, etc.) est la propri\u00e9t\u00e9 exclusive de Grafik ID, sauf mention contraire. Toute reproduction ou utilisation non autoris\u00e9e est interdite.<\/p>\n<p><strong>Responsabilit\u00e9<\/strong><\/p>\n<p>Grafik ID met tout en \u0153uvre pour assurer l\u2019exactitude des informations publi\u00e9es sur ce site. Toutefois, l\u2019\u00e9diteur ne saurait \u00eatre tenu responsable d\u2019\u00e9ventuelles erreurs, interruptions ou indisponibilit\u00e9s du site.<\/p>\n<\/div><\/section><\/p><\/div><div  class='flex_column av-mkof1-c231cef551e50913e9f1fde0dbe2ddf2 av_one_fifth  avia-builder-el-5  el_after_av_three_fifth  avia-builder-el-last  flex_column_div  '     ><\/div><\/div><\/div><\/main><!-- close content main element --><\/div><\/div><div id='after_section_1'  class='main_color av_default_container_wrap container_wrap sidebar_right'  ><div class='container av-section-cont-open' ><div class='template-page content  av-content-small alpha units'><div class='post-entry post-entry-type-page post-entry-24046'><div class='entry-content-wrapper clearfix'>\n","protected":false},"excerpt":{"rendered":"","protected":false},"author":1,"featured_media":0,"parent":0,"menu_order":2,"comment_status":"closed","ping_status":"closed","template":"","meta":{"footnotes":""},"class_list":["post-24046","page","type-page","status-publish","hentry"],"yoast_head":"<!-- This site is optimized with the Yoast SEO plugin v27.5 - https:\/\/yoast.com\/product\/yoast-seo-wordpress\/ -->\n<title>Mentions l\u00e9gales - Grafik-ID<\/title>\n<meta name=\"robots\" content=\"index, follow, max-snippet:-1, max-image-preview:large, max-video-preview:-1\" \/>\n<link rel=\"canonical\" href=\"https:\/\/grafik-id.com\/fr\/index.php\/mentions-legales\/\" \/>\n<meta property=\"og:locale\" content=\"fr_FR\" \/>\n<meta property=\"og:type\" content=\"article\" \/>\n<meta property=\"og:title\" content=\"Mentions l\u00e9gales - Grafik-ID\" \/>\n<meta property=\"og:url\" content=\"https:\/\/grafik-id.com\/fr\/index.php\/mentions-legales\/\" \/>\n<meta property=\"og:site_name\" content=\"Grafik-ID\" \/>\n<meta property=\"article:modified_time\" content=\"2025-11-02T15:58:54+00:00\" \/>\n<meta name=\"twitter:card\" content=\"summary_large_image\" \/>\n<meta name=\"twitter:label1\" content=\"Dur\u00e9e de lecture estim\u00e9e\" \/>\n\t<meta name=\"twitter:data1\" content=\"4 minutes\" \/>\n<script type=\"application\/ld+json\" class=\"yoast-schema-graph\">{\"@context\":\"https:\\\/\\\/schema.org\",\"@graph\":[{\"@type\":\"WebPage\",\"@id\":\"https:\\\/\\\/grafik-id.com\\\/fr\\\/index.php\\\/mentions-legales\\\/\",\"url\":\"https:\\\/\\\/grafik-id.com\\\/fr\\\/index.php\\\/mentions-legales\\\/\",\"name\":\"Mentions l\u00e9gales - Grafik-ID\",\"isPartOf\":{\"@id\":\"https:\\\/\\\/grafik-id.com\\\/fr\\\/#website\"},\"datePublished\":\"2025-10-01T13:35:26+00:00\",\"dateModified\":\"2025-11-02T15:58:54+00:00\",\"breadcrumb\":{\"@id\":\"https:\\\/\\\/grafik-id.com\\\/fr\\\/index.php\\\/mentions-legales\\\/#breadcrumb\"},\"inLanguage\":\"fr-FR\",\"potentialAction\":[{\"@type\":\"ReadAction\",\"target\":[\"https:\\\/\\\/grafik-id.com\\\/fr\\\/index.php\\\/mentions-legales\\\/\"]}]},{\"@type\":\"BreadcrumbList\",\"@id\":\"https:\\\/\\\/grafik-id.com\\\/fr\\\/index.php\\\/mentions-legales\\\/#breadcrumb\",\"itemListElement\":[{\"@type\":\"ListItem\",\"position\":1,\"name\":\"Home\",\"item\":\"https:\\\/\\\/grafik-id.com\\\/fr\\\/\"},{\"@type\":\"ListItem\",\"position\":2,\"name\":\"Mentions l\u00e9gales\"}]},{\"@type\":\"WebSite\",\"@id\":\"https:\\\/\\\/grafik-id.com\\\/fr\\\/#website\",\"url\":\"https:\\\/\\\/grafik-id.com\\\/fr\\\/\",\"name\":\"Grafik-ID\",\"description\":\"\",\"publisher\":{\"@id\":\"https:\\\/\\\/grafik-id.com\\\/fr\\\/#organization\"},\"potentialAction\":[{\"@type\":\"SearchAction\",\"target\":{\"@type\":\"EntryPoint\",\"urlTemplate\":\"https:\\\/\\\/grafik-id.com\\\/fr\\\/?s={search_term_string}\"},\"query-input\":{\"@type\":\"PropertyValueSpecification\",\"valueRequired\":true,\"valueName\":\"search_term_string\"}}],\"inLanguage\":\"fr-FR\"},{\"@type\":\"Organization\",\"@id\":\"https:\\\/\\\/grafik-id.com\\\/fr\\\/#organization\",\"name\":\"Grafik-ID\",\"url\":\"https:\\\/\\\/grafik-id.com\\\/fr\\\/\",\"logo\":{\"@type\":\"ImageObject\",\"inLanguage\":\"fr-FR\",\"@id\":\"https:\\\/\\\/grafik-id.com\\\/fr\\\/#\\\/schema\\\/logo\\\/image\\\/\",\"url\":\"https:\\\/\\\/grafik-id.com\\\/wp-content\\\/uploads\\\/2025\\\/06\\\/Logo-Grafik-ID-2025_RGB.png\",\"contentUrl\":\"https:\\\/\\\/grafik-id.com\\\/wp-content\\\/uploads\\\/2025\\\/06\\\/Logo-Grafik-ID-2025_RGB.png\",\"width\":1500,\"height\":587,\"caption\":\"Grafik-ID\"},\"image\":{\"@id\":\"https:\\\/\\\/grafik-id.com\\\/fr\\\/#\\\/schema\\\/logo\\\/image\\\/\"}}]}<\/script>\n<!-- \/ Yoast SEO plugin. -->","yoast_head_json":{"title":"Mentions l\u00e9gales - Grafik-ID","robots":{"index":"index","follow":"follow","max-snippet":"max-snippet:-1","max-image-preview":"max-image-preview:large","max-video-preview":"max-video-preview:-1"},"canonical":"https:\/\/grafik-id.com\/fr\/index.php\/mentions-legales\/","og_locale":"fr_FR","og_type":"article","og_title":"Mentions l\u00e9gales - Grafik-ID","og_url":"https:\/\/grafik-id.com\/fr\/index.php\/mentions-legales\/","og_site_name":"Grafik-ID","article_modified_time":"2025-11-02T15:58:54+00:00","twitter_card":"summary_large_image","twitter_misc":{"Dur\u00e9e de lecture estim\u00e9e":"4 minutes"},"schema":{"@context":"https:\/\/schema.org","@graph":[{"@type":"WebPage","@id":"https:\/\/grafik-id.com\/fr\/index.php\/mentions-legales\/","url":"https:\/\/grafik-id.com\/fr\/index.php\/mentions-legales\/","name":"Mentions l\u00e9gales - Grafik-ID","isPartOf":{"@id":"https:\/\/grafik-id.com\/fr\/#website"},"datePublished":"2025-10-01T13:35:26+00:00","dateModified":"2025-11-02T15:58:54+00:00","breadcrumb":{"@id":"https:\/\/grafik-id.com\/fr\/index.php\/mentions-legales\/#breadcrumb"},"inLanguage":"fr-FR","potentialAction":[{"@type":"ReadAction","target":["https:\/\/grafik-id.com\/fr\/index.php\/mentions-legales\/"]}]},{"@type":"BreadcrumbList","@id":"https:\/\/grafik-id.com\/fr\/index.php\/mentions-legales\/#breadcrumb","itemListElement":[{"@type":"ListItem","position":1,"name":"Home","item":"https:\/\/grafik-id.com\/fr\/"},{"@type":"ListItem","position":2,"name":"Mentions l\u00e9gales"}]},{"@type":"WebSite","@id":"https:\/\/grafik-id.com\/fr\/#website","url":"https:\/\/grafik-id.com\/fr\/","name":"Grafik-ID","description":"","publisher":{"@id":"https:\/\/grafik-id.com\/fr\/#organization"},"potentialAction":[{"@type":"SearchAction","target":{"@type":"EntryPoint","urlTemplate":"https:\/\/grafik-id.com\/fr\/?s={search_term_string}"},"query-input":{"@type":"PropertyValueSpecification","valueRequired":true,"valueName":"search_term_string"}}],"inLanguage":"fr-FR"},{"@type":"Organization","@id":"https:\/\/grafik-id.com\/fr\/#organization","name":"Grafik-ID","url":"https:\/\/grafik-id.com\/fr\/","logo":{"@type":"ImageObject","inLanguage":"fr-FR","@id":"https:\/\/grafik-id.com\/fr\/#\/schema\/logo\/image\/","url":"https:\/\/grafik-id.com\/wp-content\/uploads\/2025\/06\/Logo-Grafik-ID-2025_RGB.png","contentUrl":"https:\/\/grafik-id.com\/wp-content\/uploads\/2025\/06\/Logo-Grafik-ID-2025_RGB.png","width":1500,"height":587,"caption":"Grafik-ID"},"image":{"@id":"https:\/\/grafik-id.com\/fr\/#\/schema\/logo\/image\/"}}]}},"_links":{"self":[{"href":"https:\/\/grafik-id.com\/fr\/index.php\/wp-json\/wp\/v2\/pages\/24046","targetHints":{"allow":["GET"]}}],"collection":[{"href":"https:\/\/grafik-id.com\/fr\/index.php\/wp-json\/wp\/v2\/pages"}],"about":[{"href":"https:\/\/grafik-id.com\/fr\/index.php\/wp-json\/wp\/v2\/types\/page"}],"author":[{"embeddable":true,"href":"https:\/\/grafik-id.com\/fr\/index.php\/wp-json\/wp\/v2\/users\/1"}],"replies":[{"embeddable":true,"href":"https:\/\/grafik-id.com\/fr\/index.php\/wp-json\/wp\/v2\/comments?post=24046"}],"version-history":[{"count":4,"href":"https:\/\/grafik-id.com\/fr\/index.php\/wp-json\/wp\/v2\/pages\/24046\/revisions"}],"predecessor-version":[{"id":24051,"href":"https:\/\/grafik-id.com\/fr\/index.php\/wp-json\/wp\/v2\/pages\/24046\/revisions\/24051"}],"wp:attachment":[{"href":"https:\/\/grafik-id.com\/fr\/index.php\/wp-json\/wp\/v2\/media?parent=24046"}],"curies":[{"name":"wp","href":"https:\/\/api.w.org\/{rel}","templated":true}]}}