{"id":24043,"date":"2025-10-01T15:40:31","date_gmt":"2025-10-01T13:40:31","guid":{"rendered":"https:\/\/grafik-id.com\/index.php\/politique-de-confidentialite\/"},"modified":"2025-11-02T17:32:52","modified_gmt":"2025-11-02T16:32:52","slug":"politique-de-confidentialite","status":"publish","type":"page","link":"https:\/\/grafik-id.com\/fr\/index.php\/politique-de-confidentialite\/","title":{"rendered":"Politique de confidentialit\u00e9"},"content":{"rendered":"<div id='services'  class='avia-section av-otz45-ec09eceb5bd9a6a21ccff0bae046ab24 main_color avia-section-huge avia-no-border-styling  avia-builder-el-0  avia-builder-el-no-sibling  avia-bg-style-scroll container_wrap sidebar_right'  ><div class='container av-section-cont-open' ><main  role=\"main\" itemprop=\"mainContentOfPage\"  class='template-page content  av-content-small alpha units'><div class='post-entry post-entry-type-page post-entry-24043'><div class='entry-content-wrapper clearfix'>\n<div  class='flex_column av-nwyrl-9933ca5b9a4b7ec2b4c06f1fe7739779 av_one_fifth  avia-builder-el-1  el_before_av_three_fifth  avia-builder-el-first  first flex_column_div  '     ><\/div><div  class='flex_column av-nbi2x-f9fd5b6df0546e0f3c7977cc5fb13839 av_three_fifth  avia-builder-el-2  el_after_av_one_fifth  el_before_av_one_fifth  flex_column_div  '     ><p>\n<style type=\"text\/css\" data-created_by=\"avia_inline_auto\" id=\"style-css-av-n4qhh-8d867d32d2dd5f543ca0ef59eedc9af7\">\n#top .av-special-heading.av-n4qhh-8d867d32d2dd5f543ca0ef59eedc9af7{\npadding-bottom:10px;\nfont-size:30px;\n}\nbody .av-special-heading.av-n4qhh-8d867d32d2dd5f543ca0ef59eedc9af7 .av-special-heading-tag .heading-char{\nfont-size:25px;\n}\n#top #wrap_all .av-special-heading.av-n4qhh-8d867d32d2dd5f543ca0ef59eedc9af7 .av-special-heading-tag{\nfont-size:30px;\n}\n.av-special-heading.av-n4qhh-8d867d32d2dd5f543ca0ef59eedc9af7 .av-subheading{\nfont-size:15px;\n}\n\n@media only screen and (min-width: 480px) and (max-width: 767px){ \n#top #wrap_all .av-special-heading.av-n4qhh-8d867d32d2dd5f543ca0ef59eedc9af7 .av-special-heading-tag{\nfont-size:0.8em;\n}\n}\n\n@media only screen and (max-width: 479px){ \n#top #wrap_all .av-special-heading.av-n4qhh-8d867d32d2dd5f543ca0ef59eedc9af7 .av-special-heading-tag{\nfont-size:0.8em;\n}\n}\n<\/style>\n<div  class='av-special-heading av-n4qhh-8d867d32d2dd5f543ca0ef59eedc9af7 av-special-heading-h3 blockquote modern-quote modern-centered  avia-builder-el-3  el_before_av_textblock  avia-builder-el-first  av-inherit-size'><h3 class='av-special-heading-tag '  itemprop=\"headline\"  >Politique de confidentialit\u00e9<\/h3><div class=\"special-heading-border\"><div class=\"special-heading-inner-border\"><\/div><\/div><\/div><br \/>\n\n<style type=\"text\/css\" data-created_by=\"avia_inline_auto\" id=\"style-css-av-mdq8kqvu-df1feb9dae9771aef8f13173a7dc1712\">\n#top .av_textblock_section.av-mdq8kqvu-df1feb9dae9771aef8f13173a7dc1712 .avia_textblock{\nfont-size:15px;\n}\n<\/style>\n<section  class='av_textblock_section av-mdq8kqvu-df1feb9dae9771aef8f13173a7dc1712 '   itemscope=\"itemscope\" itemtype=\"https:\/\/schema.org\/CreativeWork\" ><div class='avia_textblock'  itemprop=\"text\" ><p><strong>1. Responsable du traitement<\/strong><\/p>\n<p>Les donn\u00e9es personnelles collect\u00e9es sur ce site sont trait\u00e9es par Grafik ID &#8211; SARL<\/p>\n<p>Contactez-nous via le formulaire de contact du site web.<\/p>\n<p><strong>2. Donn\u00e9es collect\u00e9es<\/strong><\/p>\n<p>Lorsque vous utilisez le formulaire de contact, les donn\u00e9es suivantes peuvent \u00eatre recueillies :<\/p>\n<ul>\n<li>Nom<\/li>\n<li>Adresse e-mail<\/li>\n<\/ul>\n<p>Aucune autre donn\u00e9e personnelle n&rsquo;est collect\u00e9e automatiquement.<\/p>\n<p><strong>3. Finalit\u00e9 du traitement<\/strong><\/p>\n<p>Ces donn\u00e9es sont utilis\u00e9es uniquement pour r\u00e9pondre aux messages envoy\u00e9s via le formulaire de contact. Elles ne sont ni revendues ni transmises \u00e0 des tiers.<\/p>\n<p><strong>4. Conservation des donn\u00e9es<\/strong><\/p>\n<p>Les messages et leurs donn\u00e9es associ\u00e9es sont conserv\u00e9s pour une dur\u00e9e maximale de 1 an apr\u00e8s le dernier \u00e9change.<\/p>\n<p><strong>5. H\u00e9bergement et acc\u00e8s<\/strong><\/p>\n<p>Les donn\u00e9es transitent par les serveurs d\u2019OVH dans le cadre de l\u2019h\u00e9bergement du site. Elles ne sont accessibles qu\u2019\u00e0 Grafik ID<\/p>\n<p><strong>6. Droits de l&rsquo;utilisateur<\/strong><\/p>\n<p>Conform\u00e9ment au RGPD, vous pouvez demander l\u2019acc\u00e8s, la rectification ou la suppression de vos donn\u00e9es en utilisant le formulaire de contact du site.<\/p>\n<p><strong data-start=\"1910\" data-end=\"1925\">7. S\u00e9curit\u00e9<\/strong><br data-start=\"1925\" data-end=\"1928\">Le site utilise le protocole HTTPS afin de s\u00e9curiser les \u00e9changes.<\/p>\n<p><strong>8. Cookies<\/strong><\/p>\n<p>Le site utilise uniquement des cookies techniques n\u00e9cessaires \u00e0 la navigation. Aucun cookie publicitaire ou de suivi n\u2019est d\u00e9pos\u00e9 sans consentement.<\/p>\n<\/div><\/section><\/p><\/div><div  class='flex_column av-mkof1-c231cef551e50913e9f1fde0dbe2ddf2 av_one_fifth  avia-builder-el-5  el_after_av_three_fifth  avia-builder-el-last  flex_column_div  '     ><\/div><\/div><\/div><\/main><!-- close content main element --><\/div><\/div><div id='after_section_1'  class='main_color av_default_container_wrap container_wrap sidebar_right'  ><div class='container av-section-cont-open' ><div class='template-page content  av-content-small alpha units'><div class='post-entry post-entry-type-page post-entry-24043'><div class='entry-content-wrapper clearfix'>\n","protected":false},"excerpt":{"rendered":"","protected":false},"author":1,"featured_media":0,"parent":0,"menu_order":2,"comment_status":"closed","ping_status":"closed","template":"","meta":{"footnotes":""},"class_list":["post-24043","page","type-page","status-publish","hentry"],"yoast_head":"<!-- This site is optimized with the Yoast SEO plugin v27.5 - https:\/\/yoast.com\/product\/yoast-seo-wordpress\/ -->\n<title>Politique de confidentialit\u00e9 - Grafik-ID<\/title>\n<meta name=\"robots\" content=\"index, follow, max-snippet:-1, max-image-preview:large, max-video-preview:-1\" \/>\n<link rel=\"canonical\" href=\"https:\/\/grafik-id.com\/fr\/index.php\/politique-de-confidentialite\/\" \/>\n<meta property=\"og:locale\" content=\"fr_FR\" \/>\n<meta property=\"og:type\" content=\"article\" \/>\n<meta property=\"og:title\" content=\"Politique de confidentialit\u00e9 - Grafik-ID\" \/>\n<meta property=\"og:url\" content=\"https:\/\/grafik-id.com\/fr\/index.php\/politique-de-confidentialite\/\" \/>\n<meta property=\"og:site_name\" content=\"Grafik-ID\" \/>\n<meta property=\"article:modified_time\" content=\"2025-11-02T16:32:52+00:00\" \/>\n<meta name=\"twitter:card\" content=\"summary_large_image\" \/>\n<meta name=\"twitter:label1\" content=\"Dur\u00e9e de lecture estim\u00e9e\" \/>\n\t<meta name=\"twitter:data1\" content=\"4 minutes\" \/>\n<script type=\"application\/ld+json\" class=\"yoast-schema-graph\">{\"@context\":\"https:\\\/\\\/schema.org\",\"@graph\":[{\"@type\":\"WebPage\",\"@id\":\"https:\\\/\\\/grafik-id.com\\\/fr\\\/index.php\\\/politique-de-confidentialite\\\/\",\"url\":\"https:\\\/\\\/grafik-id.com\\\/fr\\\/index.php\\\/politique-de-confidentialite\\\/\",\"name\":\"Politique de confidentialit\u00e9 - Grafik-ID\",\"isPartOf\":{\"@id\":\"https:\\\/\\\/grafik-id.com\\\/fr\\\/#website\"},\"datePublished\":\"2025-10-01T13:40:31+00:00\",\"dateModified\":\"2025-11-02T16:32:52+00:00\",\"breadcrumb\":{\"@id\":\"https:\\\/\\\/grafik-id.com\\\/fr\\\/index.php\\\/politique-de-confidentialite\\\/#breadcrumb\"},\"inLanguage\":\"fr-FR\",\"potentialAction\":[{\"@type\":\"ReadAction\",\"target\":[\"https:\\\/\\\/grafik-id.com\\\/fr\\\/index.php\\\/politique-de-confidentialite\\\/\"]}]},{\"@type\":\"BreadcrumbList\",\"@id\":\"https:\\\/\\\/grafik-id.com\\\/fr\\\/index.php\\\/politique-de-confidentialite\\\/#breadcrumb\",\"itemListElement\":[{\"@type\":\"ListItem\",\"position\":1,\"name\":\"Home\",\"item\":\"https:\\\/\\\/grafik-id.com\\\/fr\\\/\"},{\"@type\":\"ListItem\",\"position\":2,\"name\":\"Politique de confidentialit\u00e9\"}]},{\"@type\":\"WebSite\",\"@id\":\"https:\\\/\\\/grafik-id.com\\\/fr\\\/#website\",\"url\":\"https:\\\/\\\/grafik-id.com\\\/fr\\\/\",\"name\":\"Grafik-ID\",\"description\":\"\",\"publisher\":{\"@id\":\"https:\\\/\\\/grafik-id.com\\\/fr\\\/#organization\"},\"potentialAction\":[{\"@type\":\"SearchAction\",\"target\":{\"@type\":\"EntryPoint\",\"urlTemplate\":\"https:\\\/\\\/grafik-id.com\\\/fr\\\/?s={search_term_string}\"},\"query-input\":{\"@type\":\"PropertyValueSpecification\",\"valueRequired\":true,\"valueName\":\"search_term_string\"}}],\"inLanguage\":\"fr-FR\"},{\"@type\":\"Organization\",\"@id\":\"https:\\\/\\\/grafik-id.com\\\/fr\\\/#organization\",\"name\":\"Grafik-ID\",\"url\":\"https:\\\/\\\/grafik-id.com\\\/fr\\\/\",\"logo\":{\"@type\":\"ImageObject\",\"inLanguage\":\"fr-FR\",\"@id\":\"https:\\\/\\\/grafik-id.com\\\/fr\\\/#\\\/schema\\\/logo\\\/image\\\/\",\"url\":\"https:\\\/\\\/grafik-id.com\\\/wp-content\\\/uploads\\\/2025\\\/06\\\/Logo-Grafik-ID-2025_RGB.png\",\"contentUrl\":\"https:\\\/\\\/grafik-id.com\\\/wp-content\\\/uploads\\\/2025\\\/06\\\/Logo-Grafik-ID-2025_RGB.png\",\"width\":1500,\"height\":587,\"caption\":\"Grafik-ID\"},\"image\":{\"@id\":\"https:\\\/\\\/grafik-id.com\\\/fr\\\/#\\\/schema\\\/logo\\\/image\\\/\"}}]}<\/script>\n<!-- \/ Yoast SEO plugin. -->","yoast_head_json":{"title":"Politique de confidentialit\u00e9 - Grafik-ID","robots":{"index":"index","follow":"follow","max-snippet":"max-snippet:-1","max-image-preview":"max-image-preview:large","max-video-preview":"max-video-preview:-1"},"canonical":"https:\/\/grafik-id.com\/fr\/index.php\/politique-de-confidentialite\/","og_locale":"fr_FR","og_type":"article","og_title":"Politique de confidentialit\u00e9 - Grafik-ID","og_url":"https:\/\/grafik-id.com\/fr\/index.php\/politique-de-confidentialite\/","og_site_name":"Grafik-ID","article_modified_time":"2025-11-02T16:32:52+00:00","twitter_card":"summary_large_image","twitter_misc":{"Dur\u00e9e de lecture estim\u00e9e":"4 minutes"},"schema":{"@context":"https:\/\/schema.org","@graph":[{"@type":"WebPage","@id":"https:\/\/grafik-id.com\/fr\/index.php\/politique-de-confidentialite\/","url":"https:\/\/grafik-id.com\/fr\/index.php\/politique-de-confidentialite\/","name":"Politique de confidentialit\u00e9 - Grafik-ID","isPartOf":{"@id":"https:\/\/grafik-id.com\/fr\/#website"},"datePublished":"2025-10-01T13:40:31+00:00","dateModified":"2025-11-02T16:32:52+00:00","breadcrumb":{"@id":"https:\/\/grafik-id.com\/fr\/index.php\/politique-de-confidentialite\/#breadcrumb"},"inLanguage":"fr-FR","potentialAction":[{"@type":"ReadAction","target":["https:\/\/grafik-id.com\/fr\/index.php\/politique-de-confidentialite\/"]}]},{"@type":"BreadcrumbList","@id":"https:\/\/grafik-id.com\/fr\/index.php\/politique-de-confidentialite\/#breadcrumb","itemListElement":[{"@type":"ListItem","position":1,"name":"Home","item":"https:\/\/grafik-id.com\/fr\/"},{"@type":"ListItem","position":2,"name":"Politique de confidentialit\u00e9"}]},{"@type":"WebSite","@id":"https:\/\/grafik-id.com\/fr\/#website","url":"https:\/\/grafik-id.com\/fr\/","name":"Grafik-ID","description":"","publisher":{"@id":"https:\/\/grafik-id.com\/fr\/#organization"},"potentialAction":[{"@type":"SearchAction","target":{"@type":"EntryPoint","urlTemplate":"https:\/\/grafik-id.com\/fr\/?s={search_term_string}"},"query-input":{"@type":"PropertyValueSpecification","valueRequired":true,"valueName":"search_term_string"}}],"inLanguage":"fr-FR"},{"@type":"Organization","@id":"https:\/\/grafik-id.com\/fr\/#organization","name":"Grafik-ID","url":"https:\/\/grafik-id.com\/fr\/","logo":{"@type":"ImageObject","inLanguage":"fr-FR","@id":"https:\/\/grafik-id.com\/fr\/#\/schema\/logo\/image\/","url":"https:\/\/grafik-id.com\/wp-content\/uploads\/2025\/06\/Logo-Grafik-ID-2025_RGB.png","contentUrl":"https:\/\/grafik-id.com\/wp-content\/uploads\/2025\/06\/Logo-Grafik-ID-2025_RGB.png","width":1500,"height":587,"caption":"Grafik-ID"},"image":{"@id":"https:\/\/grafik-id.com\/fr\/#\/schema\/logo\/image\/"}}]}},"_links":{"self":[{"href":"https:\/\/grafik-id.com\/fr\/index.php\/wp-json\/wp\/v2\/pages\/24043","targetHints":{"allow":["GET"]}}],"collection":[{"href":"https:\/\/grafik-id.com\/fr\/index.php\/wp-json\/wp\/v2\/pages"}],"about":[{"href":"https:\/\/grafik-id.com\/fr\/index.php\/wp-json\/wp\/v2\/types\/page"}],"author":[{"embeddable":true,"href":"https:\/\/grafik-id.com\/fr\/index.php\/wp-json\/wp\/v2\/users\/1"}],"replies":[{"embeddable":true,"href":"https:\/\/grafik-id.com\/fr\/index.php\/wp-json\/wp\/v2\/comments?post=24043"}],"version-history":[{"count":4,"href":"https:\/\/grafik-id.com\/fr\/index.php\/wp-json\/wp\/v2\/pages\/24043\/revisions"}],"predecessor-version":[{"id":24072,"href":"https:\/\/grafik-id.com\/fr\/index.php\/wp-json\/wp\/v2\/pages\/24043\/revisions\/24072"}],"wp:attachment":[{"href":"https:\/\/grafik-id.com\/fr\/index.php\/wp-json\/wp\/v2\/media?parent=24043"}],"curies":[{"name":"wp","href":"https:\/\/api.w.org\/{rel}","templated":true}]}}